{"id":240704,"date":"2024-05-06T19:46:31","date_gmt":"2024-05-06T17:46:31","guid":{"rendered":"https:\/\/elysiumspa.sk\/events\/"},"modified":"2025-02-12T14:15:38","modified_gmt":"2025-02-12T13:15:38","slug":"events","status":"publish","type":"page","link":"https:\/\/elysiumspa.sk\/en\/events\/","title":{"rendered":"Events"},"content":{"rendered":"<p>[et_pb_section fb_built=&#8221;1&#8243; _builder_version=&#8221;4.16&#8243; _module_preset=&#8221;default&#8221; global_colors_info=&#8221;{}&#8221;][et_pb_row column_structure=&#8221;1_2,1_2&#8243; make_equal=&#8221;on&#8221; disabled_on=&#8221;off|off|off&#8221; _builder_version=&#8221;4.27.4&#8243; _module_preset=&#8221;default&#8221; global_colors_info=&#8221;{}&#8221;][et_pb_column type=&#8221;1_2&#8243; _builder_version=&#8221;4.27.4&#8243; _module_preset=&#8221;default&#8221; global_colors_info=&#8221;{}&#8221;][et_pb_text _builder_version=&#8221;4.27.4&#8243; _module_preset=&#8221;default&#8221; custom_padding=&#8221;||0px|||&#8221; global_colors_info=&#8221;{}&#8221;]<\/p>\n<h3>Tea Ceremony<\/h3>\n<p><em>Japanese Inspired Cacao Husk Tea Ceremony<\/em><\/p>\n<p id=\"tw-target-text\" class=\"tw-data-text tw-text-large tw-ta\" dir=\"ltr\" data-placeholder=\"Preklad\" data-ved=\"2ahUKEwiK4ZiWiOaJAxURBNsEHYBvBf0Q3ewLegQICRAW\" aria-label=\"Prelo\u017een\u00fd text: Japonsk\u00fd \u010dajov\u00fd obrad zo \u0161upiek kakaa Za\u017eite kr\u00e1su tradi\u010dn\u00e9ho \u010dajov\u00e9ho obradu in\u0161pirovan\u00e9ho Japonskom v modernom \u0161t\u00fdle v k\u00fape\u013eoch Elysium Spa. Tento \u010dajov\u00fd obrad pod veden\u00edm nad\u0161enca jogy, @victoria_fitz, za\u010d\u00edna vychutn\u00e1van\u00edm jemn\u00fdch chut\u00ed kakaov\u00fdch \u0161upiek, pripraven\u00fdch s vedom\u00edm a p\u00f4vabom japonsk\u00fdch \u010dajov\u00fdch ritu\u00e1lov, ktor\u00e9 pon\u00fakaj\u00fa chv\u00edle ticha a zamyslenia. Po obrade sa presu\u0148te jemnou Yin jogou, k\u00fdm upokojuj\u00face vibr\u00e1cie Lie\u010denia zvukom harmonizuj\u00fa va\u0161u energiu a preh\u013abia relax\u00e1ciu. Dopl\u0148te tento z\u00e1\u017eitok omladzuj\u00facim saunovan\u00edm, ktor\u00e9 umo\u017en\u00ed v\u00e1\u0161mu telu a mysli uvo\u013eni\u0165 nap\u00e4tie a tox\u00edny. \u010cak\u00e1 na v\u00e1s jedine\u010dn\u00e9 spojenie trad\u00edcie, wellness a kakaa, ktor\u00e9 v\u00e1s poz\u00fdva znovu sa spoji\u0165 s vn\u00fatorn\u00fdm pokojom a prija\u0165 hlbok\u00fd zmysel pre obnovu tejto jesene. T\u00e1to cerem\u00f3nia, ktor\u00e1 je ide\u00e1lna pre t\u00fdch, ktor\u00ed h\u013eadaj\u00fa holistick\u00fd a luxusn\u00fd sp\u00f4sob odpo\u010dinku, vo v\u00e1s zanech\u00e1 pocit s\u00fastredenia, svie\u017eosti a \u00faplnej revitaliz\u00e1cie. Pridajte sa k n\u00e1m na nezabudnute\u013en\u00e9 sk\u00famanie zmyslov a du\u0161e.\"><span class=\"Y2IQFc\" lang=\"sk\">Experience the beauty of a traditional Japanese-inspired tea ceremony with a modern twist at Elysium Spa. Led by yoga enthusiast, @victoria_fitz, this Tea Ceremony begins with savoring the delicate flavors of Cacao Husk, prepared with the mindfulness and grace of Japanese tea rituals, offering a moment of stillness and reflection. After the ceremony, move through gentle Yin yoga as the soothing vibrations of Sound Healing harmonize your energy and deepen relaxation. Complete this experience with a rejuvenating Sauna session, allowing your body and mind to release tension and toxins. A unique fusion of tradition, wellness, and Cacao awaits, inviting you to reconnect with your inner calm and embrace a profound sense of renewal this Autumn.<\/span><\/p>\n<p>[\/et_pb_text][\/et_pb_column][et_pb_column type=&#8221;1_2&#8243; _builder_version=&#8221;4.27.4&#8243; _module_preset=&#8221;default&#8221; global_colors_info=&#8221;{}&#8221;][et_pb_image src=&#8221;https:\/\/elysiumspa.sk\/wp-content\/uploads\/2025\/02\/Elysiumspa_cajova_ceremonia.jpeg&#8221; alt=&#8221;Elysiumspa tea Ceremony&#8221; title_text=&#8221;Elysiumspa_tea_ceremony&#8221; show_bottom_space=&#8221;off&#8221; align=&#8221;center&#8221; force_fullwidth=&#8221;on&#8221; _builder_version=&#8221;4.27.4&#8243; _module_preset=&#8221;default&#8221; min_height=&#8221;331.3px&#8221; global_colors_info=&#8221;{}&#8221;][\/et_pb_image][\/et_pb_column][\/et_pb_row][et_pb_row _builder_version=&#8221;4.27.4&#8243; _module_preset=&#8221;default&#8221; global_colors_info=&#8221;{}&#8221;][et_pb_column type=&#8221;4_4&#8243; _builder_version=&#8221;4.27.4&#8243; _module_preset=&#8221;default&#8221; global_colors_info=&#8221;{}&#8221;][et_pb_text _builder_version=&#8221;4.27.4&#8243; _module_preset=&#8221;default&#8221; global_colors_info=&#8221;{}&#8221;]<\/p>\n<p><span>Perfect for those seeking a holistic and luxurious way to unwind, this ceremony will leave you feeling centered, refreshed, and fully revitalized. Join us for an unforgettable exploration of the senses and soul.<\/span><\/p>\n<p>[\/et_pb_text][\/et_pb_column][\/et_pb_row][et_pb_row _builder_version=&#8221;4.27.4&#8243; _module_preset=&#8221;default&#8221; column_structure=&#8221;3_5,2_5&#8243; hover_enabled=&#8221;0&#8243; sticky_enabled=&#8221;0&#8243;][et_pb_column _builder_version=&#8221;4.27.4&#8243; _module_preset=&#8221;default&#8221; type=&#8221;3_5&#8243;][et_pb_text _builder_version=&#8221;4.27.4&#8243; _module_preset=&#8221;default&#8221; global_colors_info=&#8221;{}&#8221;]<\/p>\n<h3>Soundhealing<\/h3>\n<p>Victoria&#8217;s Sound Baths utilize Crystal Singing Bowls and a variety of instruments to create a harmonious sound environment that promotes Chakra Balance. These sessions typically involve lying down or sitting comfortably, and participants experience a deep meditative state. Vibrations create resonant sound waves that foster relaxation, reduce stress, regulate the nervous system, and enhance overall well-being by aligning the body&#8217;s energy centers.<\/p>\n<p>[\/et_pb_text][\/et_pb_column][et_pb_column _builder_version=&#8221;4.27.4&#8243; _module_preset=&#8221;default&#8221; type=&#8221;2_5&#8243;][et_pb_image src=&#8221;https:\/\/elysiumspa.sk\/wp-content\/uploads\/2025\/02\/Elysiumspa_Soundhealing.jpeg&#8221; _builder_version=&#8221;4.27.4&#8243; _module_preset=&#8221;default&#8221; alt=&#8221;Elysiumspa_Soundhealing&#8221; title_text=&#8221;Elysiumspa_Soundhealing&#8221; hover_enabled=&#8221;0&#8243; sticky_enabled=&#8221;0&#8243;][\/et_pb_image][\/et_pb_column][\/et_pb_row][et_pb_row _builder_version=&#8221;4.27.4&#8243; _module_preset=&#8221;default&#8221; global_colors_info=&#8221;{}&#8221;][et_pb_column type=&#8221;4_4&#8243; _builder_version=&#8221;4.16&#8243; _module_preset=&#8221;default&#8221; global_colors_info=&#8221;{}&#8221;][et_pb_text _builder_version=&#8221;4.27.4&#8243; _module_preset=&#8221;default&#8221; global_colors_info=&#8221;{}&#8221;]<\/p>\n<h3>Sauna Ritual<\/h3>\n<p>Sauna Rituals can offer a unique experience to your time in the Spa. They ease the session making it more fun and inspirational for beginners to frequent visitors. The Rituals are intensified with Essential Oils to the heated stones and hot air flow from light movements waving a towel. Accompanied by energetic music, the Ritual comes together creating a relaxing atmosphere.<\/p>\n<p>[\/et_pb_text][et_pb_text _builder_version=&#8221;4.27.4&#8243; _module_preset=&#8221;default&#8221; global_colors_info=&#8221;{}&#8221;]<\/p>\n<h3><span>Private rental of the entire Elysium Spa premises<\/span><\/h3>\n<p style=\"font-weight: 400;\">If you are interested in renting the entire Elysium Spa space for your events such as team building, bachelorette parties, or birthday parties, please contact us at <a href=\"tel:00421911889771\">+421 911 889 771<\/a> or via email <a href=\"mailto:info@elysiumspa.sk\">info@elysiumspa.sk.<\/a><\/p>\n<p>[\/et_pb_text][\/et_pb_column][\/et_pb_row][\/et_pb_section]<\/p>\n","protected":false},"excerpt":{"rendered":"<p>Tea Ceremony Japanese Inspired Cacao Husk Tea Ceremony Experience the beauty of a traditional Japanese-inspired tea ceremony with a modern twist at Elysium Spa. Led by yoga enthusiast, @victoria_fitz, this Tea Ceremony begins with savoring the delicate flavors of Cacao Husk, prepared with the mindfulness and grace of Japanese tea rituals, offering a moment of [&hellip;]<\/p>\n","protected":false},"author":3,"featured_media":0,"parent":0,"menu_order":0,"comment_status":"closed","ping_status":"closed","template":"","meta":{"_et_pb_use_builder":"on","_et_pb_old_content":"","_et_gb_content_width":"","_mo_disable_npp":"","footnotes":""},"class_list":["post-240704","page","type-page","status-publish","hentry"],"yoast_head":"<!-- This site is optimized with the Yoast SEO plugin v27.4 - https:\/\/yoast.com\/product\/yoast-seo-wordpress\/ -->\n<title>Events | Elysium Spa<\/title>\n<meta name=\"robots\" content=\"index, follow, max-snippet:-1, max-image-preview:large, max-video-preview:-1\" \/>\n<link rel=\"canonical\" href=\"https:\/\/elysiumspa.sk\/en\/events\/\" \/>\n<meta property=\"og:locale\" content=\"en_US\" \/>\n<meta property=\"og:type\" content=\"article\" \/>\n<meta property=\"og:title\" content=\"Events | Elysium Spa\" \/>\n<meta property=\"og:description\" content=\"Tea Ceremony Japanese Inspired Cacao Husk Tea Ceremony Experience the beauty of a traditional Japanese-inspired tea ceremony with a modern twist at Elysium Spa. Led by yoga enthusiast, @victoria_fitz, this Tea Ceremony begins with savoring the delicate flavors of Cacao Husk, prepared with the mindfulness and grace of Japanese tea rituals, offering a moment of [&hellip;]\" \/>\n<meta property=\"og:url\" content=\"https:\/\/elysiumspa.sk\/en\/events\/\" \/>\n<meta property=\"og:site_name\" content=\"Elysium Spa\" \/>\n<meta property=\"article:modified_time\" content=\"2025-02-12T13:15:38+00:00\" \/>\n<meta name=\"twitter:card\" content=\"summary_large_image\" \/>\n<meta name=\"twitter:label1\" content=\"Est. reading time\" \/>\n\t<meta name=\"twitter:data1\" content=\"3 minutes\" \/>\n<script type=\"application\/ld+json\" class=\"yoast-schema-graph\">{\"@context\":\"https:\\\/\\\/schema.org\",\"@graph\":[{\"@type\":\"WebPage\",\"@id\":\"https:\\\/\\\/elysiumspa.sk\\\/en\\\/events\\\/\",\"url\":\"https:\\\/\\\/elysiumspa.sk\\\/en\\\/events\\\/\",\"name\":\"Events | Elysium Spa\",\"isPartOf\":{\"@id\":\"https:\\\/\\\/elysiumspa.sk\\\/en\\\/#website\"},\"datePublished\":\"2024-05-06T17:46:31+00:00\",\"dateModified\":\"2025-02-12T13:15:38+00:00\",\"breadcrumb\":{\"@id\":\"https:\\\/\\\/elysiumspa.sk\\\/en\\\/events\\\/#breadcrumb\"},\"inLanguage\":\"en-US\",\"potentialAction\":[{\"@type\":\"ReadAction\",\"target\":[\"https:\\\/\\\/elysiumspa.sk\\\/en\\\/events\\\/\"]}]},{\"@type\":\"BreadcrumbList\",\"@id\":\"https:\\\/\\\/elysiumspa.sk\\\/en\\\/events\\\/#breadcrumb\",\"itemListElement\":[{\"@type\":\"ListItem\",\"position\":1,\"name\":\"Home\",\"item\":\"https:\\\/\\\/elysiumspa.sk\\\/en\\\/elysium-home\\\/\"},{\"@type\":\"ListItem\",\"position\":2,\"name\":\"Events\"}]},{\"@type\":\"WebSite\",\"@id\":\"https:\\\/\\\/elysiumspa.sk\\\/en\\\/#website\",\"url\":\"https:\\\/\\\/elysiumspa.sk\\\/en\\\/\",\"name\":\"Elysium Spa\",\"description\":\"\",\"publisher\":{\"@id\":\"https:\\\/\\\/elysiumspa.sk\\\/en\\\/#organization\"},\"potentialAction\":[{\"@type\":\"SearchAction\",\"target\":{\"@type\":\"EntryPoint\",\"urlTemplate\":\"https:\\\/\\\/elysiumspa.sk\\\/en\\\/?s={search_term_string}\"},\"query-input\":{\"@type\":\"PropertyValueSpecification\",\"valueRequired\":true,\"valueName\":\"search_term_string\"}}],\"inLanguage\":\"en-US\"},{\"@type\":\"Organization\",\"@id\":\"https:\\\/\\\/elysiumspa.sk\\\/en\\\/#organization\",\"name\":\"Elysium Spa\",\"url\":\"https:\\\/\\\/elysiumspa.sk\\\/en\\\/\",\"logo\":{\"@type\":\"ImageObject\",\"inLanguage\":\"en-US\",\"@id\":\"https:\\\/\\\/elysiumspa.sk\\\/en\\\/#\\\/schema\\\/logo\\\/image\\\/\",\"url\":\"https:\\\/\\\/elysiumspa.sk\\\/wp-content\\\/uploads\\\/2021\\\/11\\\/logo-horizontal-green.svg\",\"contentUrl\":\"https:\\\/\\\/elysiumspa.sk\\\/wp-content\\\/uploads\\\/2021\\\/11\\\/logo-horizontal-green.svg\",\"width\":335,\"height\":121,\"caption\":\"Elysium Spa\"},\"image\":{\"@id\":\"https:\\\/\\\/elysiumspa.sk\\\/en\\\/#\\\/schema\\\/logo\\\/image\\\/\"}}]}<\/script>\n<!-- \/ Yoast SEO plugin. -->","yoast_head_json":{"title":"Events | Elysium Spa","robots":{"index":"index","follow":"follow","max-snippet":"max-snippet:-1","max-image-preview":"max-image-preview:large","max-video-preview":"max-video-preview:-1"},"canonical":"https:\/\/elysiumspa.sk\/en\/events\/","og_locale":"en_US","og_type":"article","og_title":"Events | Elysium Spa","og_description":"Tea Ceremony Japanese Inspired Cacao Husk Tea Ceremony Experience the beauty of a traditional Japanese-inspired tea ceremony with a modern twist at Elysium Spa. Led by yoga enthusiast, @victoria_fitz, this Tea Ceremony begins with savoring the delicate flavors of Cacao Husk, prepared with the mindfulness and grace of Japanese tea rituals, offering a moment of [&hellip;]","og_url":"https:\/\/elysiumspa.sk\/en\/events\/","og_site_name":"Elysium Spa","article_modified_time":"2025-02-12T13:15:38+00:00","twitter_card":"summary_large_image","twitter_misc":{"Est. reading time":"3 minutes"},"schema":{"@context":"https:\/\/schema.org","@graph":[{"@type":"WebPage","@id":"https:\/\/elysiumspa.sk\/en\/events\/","url":"https:\/\/elysiumspa.sk\/en\/events\/","name":"Events | Elysium Spa","isPartOf":{"@id":"https:\/\/elysiumspa.sk\/en\/#website"},"datePublished":"2024-05-06T17:46:31+00:00","dateModified":"2025-02-12T13:15:38+00:00","breadcrumb":{"@id":"https:\/\/elysiumspa.sk\/en\/events\/#breadcrumb"},"inLanguage":"en-US","potentialAction":[{"@type":"ReadAction","target":["https:\/\/elysiumspa.sk\/en\/events\/"]}]},{"@type":"BreadcrumbList","@id":"https:\/\/elysiumspa.sk\/en\/events\/#breadcrumb","itemListElement":[{"@type":"ListItem","position":1,"name":"Home","item":"https:\/\/elysiumspa.sk\/en\/elysium-home\/"},{"@type":"ListItem","position":2,"name":"Events"}]},{"@type":"WebSite","@id":"https:\/\/elysiumspa.sk\/en\/#website","url":"https:\/\/elysiumspa.sk\/en\/","name":"Elysium Spa","description":"","publisher":{"@id":"https:\/\/elysiumspa.sk\/en\/#organization"},"potentialAction":[{"@type":"SearchAction","target":{"@type":"EntryPoint","urlTemplate":"https:\/\/elysiumspa.sk\/en\/?s={search_term_string}"},"query-input":{"@type":"PropertyValueSpecification","valueRequired":true,"valueName":"search_term_string"}}],"inLanguage":"en-US"},{"@type":"Organization","@id":"https:\/\/elysiumspa.sk\/en\/#organization","name":"Elysium Spa","url":"https:\/\/elysiumspa.sk\/en\/","logo":{"@type":"ImageObject","inLanguage":"en-US","@id":"https:\/\/elysiumspa.sk\/en\/#\/schema\/logo\/image\/","url":"https:\/\/elysiumspa.sk\/wp-content\/uploads\/2021\/11\/logo-horizontal-green.svg","contentUrl":"https:\/\/elysiumspa.sk\/wp-content\/uploads\/2021\/11\/logo-horizontal-green.svg","width":335,"height":121,"caption":"Elysium Spa"},"image":{"@id":"https:\/\/elysiumspa.sk\/en\/#\/schema\/logo\/image\/"}}]}},"_links":{"self":[{"href":"https:\/\/elysiumspa.sk\/en\/wp-json\/wp\/v2\/pages\/240704","targetHints":{"allow":["GET"]}}],"collection":[{"href":"https:\/\/elysiumspa.sk\/en\/wp-json\/wp\/v2\/pages"}],"about":[{"href":"https:\/\/elysiumspa.sk\/en\/wp-json\/wp\/v2\/types\/page"}],"author":[{"embeddable":true,"href":"https:\/\/elysiumspa.sk\/en\/wp-json\/wp\/v2\/users\/3"}],"replies":[{"embeddable":true,"href":"https:\/\/elysiumspa.sk\/en\/wp-json\/wp\/v2\/comments?post=240704"}],"version-history":[{"count":0,"href":"https:\/\/elysiumspa.sk\/en\/wp-json\/wp\/v2\/pages\/240704\/revisions"}],"wp:attachment":[{"href":"https:\/\/elysiumspa.sk\/en\/wp-json\/wp\/v2\/media?parent=240704"}],"curies":[{"name":"wp","href":"https:\/\/api.w.org\/{rel}","templated":true}]}}